{"id":795,"date":"2017-09-29T18:57:11","date_gmt":"2017-09-29T16:57:11","guid":{"rendered":"https:\/\/www.nkr.nl\/nkr350\/wsp\/?page_id=795"},"modified":"2017-10-03T17:57:56","modified_gmt":"2017-10-03T15:57:56","slug":"kendo-terminologie","status":"publish","type":"page","link":"https:\/\/nederlandsekendorenmei.nl\/?page_id=795","title":{"rendered":"Kendo Terminologie"},"content":{"rendered":"<h2>Algemene begrippen<\/h2>\n<p>Ashisabaki<br \/>\nVoetenwerk<\/p>\n<p>Bokken\/Boku\u00f4<br \/>\nHouten zwaard<\/p>\n<p>Tachi<br \/>\nZwaard<\/p>\n<p>Kodachi<br \/>\nKort zwaard<\/p>\n<p>Fud\u00f4shin<br \/>\nOnverstoorbaarheid<\/p>\n<p>Kamae<br \/>\nHouding (van lichaam en geest)<\/p>\n<p>Keiko<br \/>\nTraining<\/p>\n<p>Kiai<br \/>\nOntmoeting van &#8216;vitale energie\u00ebn&#8217;, waarneembaar als luide kreet.<\/p>\n<p>Ma-ai<br \/>\nGevechtsafstand<\/p>\n<p>Mawasu<br \/>\nDraaien<\/p>\n<p>Metsuke<br \/>\nKijken naar de tegenstander<\/p>\n<p>Enzan no metsuke<br \/>\n&#8216;Kijken naar een verre berg&#8217;: je kijkt door je tegenstander heen, maar je ziet alles wat hij doet.<\/p>\n<p>Motodachi<br \/>\nBegeleidende (gevorderde) kendoka<\/p>\n<p>Uchidachi<br \/>\nUitvoerende kendoka (die begeleid wordt)<\/p>\n<p>Sensei<br \/>\nLeraar<\/p>\n<p>Seme<br \/>\nPsychologische aanvalsdruk<\/p>\n<p>Shinai<br \/>\nBamboezwaard<\/p>\n<p>Tais\u00f4<br \/>\nGymnastiek<\/p>\n<p>Waza<br \/>\nTechniek<\/p>\n<p>Zanshin<br \/>\nBlijvende waakzaamheid<\/p>\n<h2>Commando&#8217;s<\/h2>\n<p>Hajime<br \/>\nBegin<\/p>\n<p>Yame<br \/>\nStop<\/p>\n<p>K\u00f4tai<br \/>\nDoordraaien; wisselen<\/p>\n<p>Men o tsuke<br \/>\nMen opzetten<\/p>\n<p>Men o tore<br \/>\nMen afzetten<\/p>\n<p>M\u00f4 ichid\u00f4<br \/>\nNog een keer<\/p>\n<p>M\u00f4 ikkai<br \/>\nNog een keer<\/p>\n<h2>Groeten en etiquette<\/h2>\n<p>D\u00f4mo arigat\u00f4 gozaimashita<br \/>\nDank u wel voor de training<\/p>\n<p>Kamiza ni rei<br \/>\nGroeten voor een afbeelding van een oude meester<\/p>\n<p>Mukos\u00f4<br \/>\nMeditatie<\/p>\n<p>Otagai ni rei<br \/>\nGroeten voor de mede-kendoka<\/p>\n<p>Onegai shimasu<br \/>\nWilt u zo vriendelijk zijn met mij te trainen<\/p>\n<p>Rei<br \/>\nGroeten (buigen)<\/p>\n<p>Sensei (senseigata) ni rei<br \/>\nGroeten voor de leraar (leraren)<\/p>\n<p>Seiretsu<br \/>\nOp rij gaan staan<\/p>\n<p>Seiza\/Chakuza<br \/>\nOp rij gaan zitten met beide knie\u00ebn op de grond (maximaal \u00e9\u00e9n vuistlengte uit elkaar)<\/p>\n<p>Shinzen ni rei<br \/>\nGroeten voor een (Shinto-)altaar<\/p>\n<p>Shisei o tadasu<br \/>\nNeem een correcte houding aan<\/p>\n<p>Sh\u00f4men ni rei<br \/>\nGroeten voor een (bud\u00f4-)symbool<\/p>\n<h2>Kamae (gevechtshoudingen)<\/h2>\n<p>Ch\u00fbdan no kamae<br \/>\nZwaard in midden (gericht op keel van tegenstander)<\/p>\n<p>Gedan no kamae<br \/>\nZwaard laag (gericht op knie\u00ebn van tegenstander)<\/p>\n<p>J\u00f4dan no kamae<br \/>\nZwaard boven hoofd<\/p>\n<p>Kamae o toku<br \/>\nZwaard met punt omlaag en naar rechts gericht (letterlijk: &#8216;kamae loslaten\u00e2&#8217;<\/p>\n<h2>Kleding<\/h2>\n<p>B\u00f4gu<br \/>\nBeschermende uitrusting<\/p>\n<p>D\u00f4<br \/>\nBorstpantser<\/p>\n<p>Hakama<br \/>\nWijde broek<\/p>\n<p>Himo<br \/>\nKoord, band<\/p>\n<p>Keikogi<br \/>\nTrainingsjasje<\/p>\n<p>Koshi-ita<br \/>\nDe plaat aan de achterkant van de hakama<\/p>\n<p>Kote<br \/>\nHandschoen<\/p>\n<p>Men<br \/>\nMasker<\/p>\n<p>Mengane<br \/>\nDe tralies in het masker<\/p>\n<p>Tare<br \/>\nHeupbeschermer<\/p>\n<p>Tenugui<br \/>\nHoofddoek<\/p>\n<h2>Lichaamsdelen<\/h2>\n<p>Ashi<br \/>\nVoet<\/p>\n<p>Ashi-kubi<br \/>\nEnkel<\/p>\n<p>Hiza<br \/>\nKnie<\/p>\n<p>J\u00f4tai<br \/>\nBovenlichaam<\/p>\n<p>Koshi<br \/>\nHeup<\/p>\n<p>Kubi<br \/>\nNek<\/p>\n<p>Mune<br \/>\nBorst<\/p>\n<p>Tai<br \/>\nLichaam<\/p>\n<p>Te<br \/>\nHand, arm<\/p>\n<p>Te-kubi<br \/>\nPols<\/p>\n<p>Tsune<br \/>\nScheen<\/p>\n<h2>Oefenvormen<\/h2>\n<p>Ippon<br \/>\nPunt<\/p>\n<p>Ippon sh\u00f4bu<br \/>\nWie het eerst scoort is winnaar<\/p>\n<p>Sanbon sh\u00f4bu<br \/>\nWie het eerst twee punten scoort is winnaar<\/p>\n<p>Uchikomigeiko<br \/>\nOefening waarbij motodachi opent<\/p>\n<p>Kakarigeiko<br \/>\nOefening waarbij uchidachi zelf een opening maakt<\/p>\n<p>Kata<br \/>\nGevecht waarin elke beweging is voorgeschreven<\/p>\n<p>Kihon<br \/>\nBasistechnieken<\/p>\n<p>Kirikaeshi<br \/>\nOefening voor co\u00c3\u00b6rdinatie en kiai: afwisselend links en rechts men slaan<\/p>\n<p>Shiaigeiko<br \/>\nWedstrijd om punten<\/p>\n<p>Sh\u00f4bu<br \/>\nUitkomst (beslissing)<\/p>\n<h2>Onderdelen van shinai<\/h2>\n<p>Kensen<br \/>\nDe punt<\/p>\n<p>Nakayui<br \/>\nLederen veter op tweederde van de lengte<\/p>\n<p>Sakigawa<br \/>\nSu\u00e9de dop<\/p>\n<p>Sakigomu<br \/>\nRubberen dopje in de punt<\/p>\n<p>Take<br \/>\nDe gespleten bamboestok<\/p>\n<p>Tsuba<br \/>\nStootplaat<\/p>\n<p>Tsuba-dome<br \/>\nRubber plaatje onder tsuba<\/p>\n<p>Tsuka<br \/>\nGreep<\/p>\n<p>Tsukagawa<br \/>\nSu\u00e9de omhulsel van greep<\/p>\n<p>Tsuru<br \/>\nSnaar (geeft de botte kant van het zwaard aan)<\/p>\n<h2>Richtingen<\/h2>\n<p>Hidari<br \/>\nLinks<\/p>\n<p>Migi<br \/>\nRechts<\/p>\n<p>Say\u00fb<br \/>\nLinks en rechts<\/p>\n<p>Soto<br \/>\nBuitenkant van de kamae<\/p>\n<p>Uchi<br \/>\nBinnenkant<\/p>\n<p>Ura<br \/>\nBinnenkant van de kamae<\/p>\n<p>Go\/Ushiro<br \/>\nAchterwaarts<\/p>\n<p>Yoko<br \/>\nZijkant<\/p>\n<p>Zen\/Mae<br \/>\nVoorwaarts<\/p>\n<h2>Tellen<\/h2>\n<p>Ichi<br \/>\n1<\/p>\n<p>Ni<br \/>\n2<\/p>\n<p>San<br \/>\n3<\/p>\n<p>Shi<br \/>\n4<\/p>\n<p>Go<br \/>\n5<\/p>\n<p>Roku<br \/>\n6<\/p>\n<p>Shichi<br \/>\n7<\/p>\n<p>Hachi<br \/>\n8<\/p>\n<p>Ky\u00fb<br \/>\n9<\/p>\n<p>J\u00fb<br \/>\n10<\/p>\n<h2>Technieken en tactieken<\/h2>\n<p>Ayumi-ashi<br \/>\nMet de ene voet voorbij de andere stappen<\/p>\n<p>Debana-waza<br \/>\nTechnieken waarbij je slaat op het moment dat de tegenstander zijn aanval inzet<\/p>\n<p>Fumikomi<br \/>\nStamp<\/p>\n<p>Harai-waza<br \/>\nTechnieken waarbij je de shinai van de tegenstander naar opzij wegslaat<\/p>\n<p>Hiki-waza<br \/>\nAchterwaartse technieken<\/p>\n<p>Kaeshi-waza<br \/>\nTechnieken waarbij je een slag blokkeert en meteen countert met een draaiende beweging van de polsen.<\/p>\n<p>Kensaki<br \/>\nAanval naar borst of keel met kensen<\/p>\n<p>Kiri<br \/>\nSnijden<\/p>\n<p>Maki-otoshi<br \/>\nDraaislag<\/p>\n<p>Nuki-waza<br \/>\nTechnieken waarbij je de aanval ontwijkt en meteen countert.<\/p>\n<p>\u00d4ji-waza<br \/>\nOvernametechnieken<\/p>\n<p>Otoshi-waza<br \/>\nTechnieken waarbij je de shinai van de tegenstander naar beneden wegslaat.<\/p>\n<p>Renzoku-waza<br \/>\nMeervoudige technieken<\/p>\n<p>Shikake-waza<br \/>\nAanvalstechnieken (accent op initiatief)<\/p>\n<p>Sh\u00f4men-uchi<br \/>\nRechte slag op men<\/p>\n<p>Suri-ashi<br \/>\nGlijpas, waarbij de voorste voet v\u00f3\u00f3r blijft.<\/p>\n<p>Suriage-waza<br \/>\nTechnieken waarbij je de slag van de tegenstander laat afketsen en meteen countert.<\/p>\n<p>Tai-atari<br \/>\nBotsen met de tegenstander<\/p>\n<p>Tsubazeriai<br \/>\nPositie waarbij de tsuba&#8217;s elkaar raken<\/p>\n<p>Tsuki<br \/>\nSteek<\/p>\n<p>Uchi<br \/>\nSlag<\/p>\n<p>Ukeru<br \/>\nBlokkeren<\/p>\n<p>Yoko-men<br \/>\nSlag naar zijkant men<\/p>\n","protected":false},"excerpt":{"rendered":"<p>Algemene begrippen Ashisabaki Voetenwerk Bokken\/Boku\u00f4 Houten zwaard Tachi Zwaard Kodachi Kort zwaard Fud\u00f4shin Onverstoorbaarheid Kamae Houding (van lichaam en geest) Keiko Training Kiai Ontmoeting van &#8216;vitale energie\u00ebn&#8217;, waarneembaar als luide kreet. Ma-ai Gevechtsafstand Mawasu Draaien Metsuke Kijken naar de tegenstander Enzan no metsuke &#8216;Kijken naar een verre berg&#8217;: je kijkt door je tegenstander heen, maar [&hellip;]<\/p>\n","protected":false},"author":4393,"featured_media":0,"parent":125,"menu_order":2,"comment_status":"closed","ping_status":"closed","template":"","meta":{"footnotes":""},"class_list":["post-795","page","type-page","status-publish","hentry","post"],"_links":{"self":[{"href":"https:\/\/nederlandsekendorenmei.nl\/index.php?rest_route=\/wp\/v2\/pages\/795","targetHints":{"allow":["GET"]}}],"collection":[{"href":"https:\/\/nederlandsekendorenmei.nl\/index.php?rest_route=\/wp\/v2\/pages"}],"about":[{"href":"https:\/\/nederlandsekendorenmei.nl\/index.php?rest_route=\/wp\/v2\/types\/page"}],"author":[{"embeddable":true,"href":"https:\/\/nederlandsekendorenmei.nl\/index.php?rest_route=\/wp\/v2\/users\/4393"}],"replies":[{"embeddable":true,"href":"https:\/\/nederlandsekendorenmei.nl\/index.php?rest_route=%2Fwp%2Fv2%2Fcomments&post=795"}],"version-history":[{"count":0,"href":"https:\/\/nederlandsekendorenmei.nl\/index.php?rest_route=\/wp\/v2\/pages\/795\/revisions"}],"up":[{"embeddable":true,"href":"https:\/\/nederlandsekendorenmei.nl\/index.php?rest_route=\/wp\/v2\/pages\/125"}],"wp:attachment":[{"href":"https:\/\/nederlandsekendorenmei.nl\/index.php?rest_route=%2Fwp%2Fv2%2Fmedia&parent=795"}],"curies":[{"name":"wp","href":"https:\/\/api.w.org\/{rel}","templated":true}]}}